{"id":21232,"date":"2023-10-29T06:45:06","date_gmt":"2023-10-29T06:45:06","guid":{"rendered":"https:\/\/www.scholte-metaal.nl\/produits\/"},"modified":"2025-07-09T07:07:07","modified_gmt":"2025-07-09T07:07:07","slug":"produits","status":"publish","type":"page","link":"https:\/\/scholtemetaal.g4zdev.com\/fr\/produits\/","title":{"rendered":"Produits"},"content":{"rendered":"\t\t<div data-elementor-type=\"wp-page\" data-elementor-id=\"21232\" class=\"elementor elementor-21232 elementor-16184\">\n\t\t\t\t\t\t<section class=\"elementor-section elementor-top-section elementor-element elementor-element-5340a40 elementor-section-full_width elementor-section-stretched elementor-section-height-default elementor-section-height-default\" data-id=\"5340a40\" data-element_type=\"section\" data-settings=\"{&quot;stretch_section&quot;:&quot;section-stretched&quot;,&quot;background_background&quot;:&quot;classic&quot;}\">\n\t\t\t\t\t\t<div class=\"elementor-container elementor-column-gap-no\">\n\t\t\t\t\t<div class=\"elementor-column elementor-col-100 elementor-top-column elementor-element elementor-element-dbc4f70\" data-id=\"dbc4f70\" data-element_type=\"column\">\n\t\t\t<div class=\"elementor-widget-wrap elementor-element-populated\">\n\t\t\t\t\t\t<div class=\"elementor-element elementor-element-5a2e718 elementor-absolute elementor-hidden-laptop elementor-hidden-tablet_extra elementor-hidden-tablet elementor-hidden-mobile_extra elementor-hidden-mobile animated-fast decoration-type-1 elementor-invisible elementor-widget elementor-widget-industrium_decoration\" data-id=\"5a2e718\" data-element_type=\"widget\" data-settings=\"{&quot;_position&quot;:&quot;absolute&quot;,&quot;_animation&quot;:&quot;industrium_decoration&quot;,&quot;_animation_tablet_extra&quot;:&quot;none&quot;,&quot;_animation_delay&quot;:300}\" data-widget_type=\"industrium_decoration.default\">\n\t\t\t\t<div class=\"elementor-widget-container\">\n\t\t\t\t\t        <div class=\"decoration-widget\">\n            <div class=\"decoration-container\">\n                <div class=\"industrium-decoration\">\n                    <div><\/div><div><\/div><div><\/div>\n                <\/div>\n            <\/div>\n        <\/div>\n        \t\t\t\t<\/div>\n\t\t\t\t<\/div>\n\t\t\t\t<div class=\"elementor-element elementor-element-33c2e25 elementor-absolute elementor-hidden-tablet elementor-hidden-mobile_extra elementor-hidden-mobile elementor-widget__width-auto animated-fast decoration-type-1 elementor-invisible elementor-widget elementor-widget-industrium_decoration\" data-id=\"33c2e25\" data-element_type=\"widget\" data-settings=\"{&quot;_position&quot;:&quot;absolute&quot;,&quot;_animation&quot;:&quot;industrium_decoration&quot;,&quot;_animation_tablet_extra&quot;:&quot;none&quot;,&quot;_animation_delay&quot;:300}\" data-widget_type=\"industrium_decoration.default\">\n\t\t\t\t<div class=\"elementor-widget-container\">\n\t\t\t\t\t        <div class=\"decoration-widget\">\n            <div class=\"decoration-container\">\n                <div class=\"industrium-decoration\">\n                    <div><\/div><div><\/div><div><\/div>\n                <\/div>\n            <\/div>\n        <\/div>\n        \t\t\t\t<\/div>\n\t\t\t\t<\/div>\n\t\t\t\t<section class=\"elementor-section elementor-inner-section elementor-element elementor-element-591a646 elementor-section-boxed elementor-section-height-default elementor-section-height-default\" data-id=\"591a646\" data-element_type=\"section\">\n\t\t\t\t\t\t<div class=\"elementor-container elementor-column-gap-wide\">\n\t\t\t\t\t<div class=\"elementor-column elementor-col-50 elementor-inner-column elementor-element elementor-element-885af3c\" data-id=\"885af3c\" data-element_type=\"column\">\n\t\t\t<div class=\"elementor-widget-wrap elementor-element-populated\">\n\t\t\t\t\t\t<div class=\"elementor-element elementor-element-4d3e2b3 elementor-widget elementor-widget-industrium_heading\" data-id=\"4d3e2b3\" data-element_type=\"widget\" data-widget_type=\"industrium_heading.default\">\n\t\t\t\t<div class=\"elementor-widget-container\">\n\t\t\t\t\t<div class=\"industrium-heading-widget\"><h2 class=\"industrium-heading\"><span class=\"industrium-subheading no-dot\">Produits<\/span><span class=\"industrium-heading-content\">Nos produits<\/span><\/h2><\/div>\t\t\t\t<\/div>\n\t\t\t\t<\/div>\n\t\t\t\t\t<\/div>\n\t\t<\/div>\n\t\t\t\t<div class=\"elementor-column elementor-col-50 elementor-inner-column elementor-element elementor-element-9e1f4cb\" data-id=\"9e1f4cb\" data-element_type=\"column\">\n\t\t\t<div class=\"elementor-widget-wrap elementor-element-populated\">\n\t\t\t\t\t\t<div class=\"elementor-element elementor-element-ca912fb elementor-widget elementor-widget-text-editor\" data-id=\"ca912fb\" data-element_type=\"widget\" data-widget_type=\"text-editor.default\">\n\t\t\t\t<div class=\"elementor-widget-container\">\n\t\t\t\t\t\t\t\t\t<p>Pour vous donner une id\u00e9e de ce que nous pouvons faire pour votre cha\u00eene logistique, nous vous pr\u00e9sentons ci-dessous quelques groupes de produits. Il s&#8217;agit de produits que nous stockons ou que nous fabriquons sp\u00e9cialement pour vous, en tant que client, selon vos sp\u00e9cifications. Nous essayons ainsi de r\u00e9pondre \u00e0 votre demande dans toute la mesure du possible.<\/p><p style=\"text-align: center;\">&#8220;Une logistique sur mesure<\/p>\t\t\t\t\t\t\t\t<\/div>\n\t\t\t\t<\/div>\n\t\t\t\t\t<\/div>\n\t\t<\/div>\n\t\t\t\t\t<\/div>\n\t\t<\/section>\n\t\t\t\t<section class=\"elementor-section elementor-inner-section elementor-element elementor-element-d35b815 elementor-section-boxed elementor-section-height-default elementor-section-height-default\" data-id=\"d35b815\" data-element_type=\"section\">\n\t\t\t\t\t\t<div class=\"elementor-container elementor-column-gap-default\">\n\t\t\t\t\t<div class=\"elementor-column elementor-col-100 elementor-inner-column elementor-element elementor-element-25437a9\" data-id=\"25437a9\" data-element_type=\"column\">\n\t\t\t<div class=\"elementor-widget-wrap elementor-element-populated\">\n\t\t\t\t\t\t<div class=\"elementor-element elementor-element-aabe9a0 elementor-widget elementor-widget-shortcode\" data-id=\"aabe9a0\" data-element_type=\"widget\" data-widget_type=\"shortcode.default\">\n\t\t\t\t<div class=\"elementor-widget-container\">\n\t\t\t\t\t\t\t<div class=\"elementor-shortcode\">        <div data-id='abc_def'\n             class=\" elementor-widget-industrium_services_listing view_type-2 style_type-2 projects_cats\">\n            <div class=\"industrium-service-listing-widget\">\n                <div class=\"archive-listing\">\n                    <div class=\"archive-listing-wrapper service-listing-wrapper service-slider-listing grid\" >\n                        \n<div class=\"service-item-wrapper post-21232 page type-page status-publish has-post-thumbnail hentry\">\n    <div class=\"service-item\">\n        <a class=\"service-slider-item-link\" href=\"https:\/\/scholtemetaal.g4zdev.com\/fr\/producten\/agri-container-boites-a-choux\/\"><div class=\"service-item-media\">                <img decoding=\"async\" src=\"https:\/\/www.scholte-metaal.nl\/wp-content\/uploads\/2024\/09\/2.png\"\/>\n                <\/div><span class=\"service-item-number\">01<\/span><div class=\"service-item-content\"><h5 class=\"service-post-title\">Agri Container Bo\u00eetes \u00e0 choux<\/h5><div class=\"service-item-excerpt\">En savoir plus<\/div><\/div><\/a>    <\/div>\n<\/div>\n<div class=\"service-item-wrapper post-21232 page type-page status-publish has-post-thumbnail hentry\">\n    <div class=\"service-item\">\n        <a class=\"service-slider-item-link\" href=\"https:\/\/scholtemetaal.g4zdev.com\/fr\/producten\/boites-a-fromage-et-etuis-moules\/\"><div class=\"service-item-media\">                <img decoding=\"async\" src=\"https:\/\/www.scholte-metaal.nl\/wp-content\/uploads\/2024\/09\/6.png\"\/>\n                <\/div><span class=\"service-item-number\">02<\/span><div class=\"service-item-content\"><h5 class=\"service-post-title\">Bo\u00eetes \u00e0 fromage et \u00e9tuis moul\u00e9s<\/h5><div class=\"service-item-excerpt\">En savoir plus<\/div><\/div><\/a>    <\/div>\n<\/div>\n<div class=\"service-item-wrapper post-21232 page type-page status-publish has-post-thumbnail hentry\">\n    <div class=\"service-item\">\n        <a class=\"service-slider-item-link\" href=\"https:\/\/scholtemetaal.g4zdev.com\/fr\/producten\/conteneurs-roulants-dollys\/\"><div class=\"service-item-media\">                <img decoding=\"async\" src=\"https:\/\/www.scholte-metaal.nl\/wp-content\/uploads\/2024\/09\/7.png\"\/>\n                <\/div><span class=\"service-item-number\">03<\/span><div class=\"service-item-content\"><h5 class=\"service-post-title\">Conteneurs roulants &amp; Dollys<\/h5><div class=\"service-item-excerpt\">En savoir plus<\/div><\/div><\/a>    <\/div>\n<\/div>\n<div class=\"service-item-wrapper post-21232 page type-page status-publish has-post-thumbnail hentry\">\n    <div class=\"service-item\">\n        <a class=\"service-slider-item-link\" href=\"https:\/\/scholtemetaal.g4zdev.com\/fr\/producten\/articles-divers-et-speciaux\/\"><div class=\"service-item-media\">                <img decoding=\"async\" src=\"https:\/\/www.scholte-metaal.nl\/wp-content\/uploads\/2024\/09\/5.png\"\/>\n                <\/div><span class=\"service-item-number\">04<\/span><div class=\"service-item-content\"><h5 class=\"service-post-title\">Articles divers et sp\u00e9ciaux<\/h5><div class=\"service-item-excerpt\">En savoir plus<\/div><\/div><\/a>    <\/div>\n<\/div>                    <\/div>\n                <\/div>\n\n            <\/div>\n        <\/div>\n        <div class=\"owl-dots owl-dots-abc_def\"><\/div>        <\/div>\n\t\t\t\t\t\t<\/div>\n\t\t\t\t<\/div>\n\t\t\t\t\t<\/div>\n\t\t<\/div>\n\t\t\t\t\t<\/div>\n\t\t<\/section>\n\t\t\t\t\t<\/div>\n\t\t<\/div>\n\t\t\t\t\t<\/div>\n\t\t<\/section>\n\t\t\t\t<\/div>\n\t\t","protected":false},"excerpt":{"rendered":"<p>Pour vous donner une id\u00e9e de ce que nous pouvons faire pour votre cha\u00eene logistique, nous vous pr\u00e9sentons ci-dessous quelques groupes de produits. Il s&#8217;agit de produits que nous stockons ou que nous fabriquons sp\u00e9cialement pour vous, en tant que client,&#8230;<\/p>\n","protected":false},"author":1,"featured_media":20831,"parent":0,"menu_order":0,"comment_status":"closed","ping_status":"closed","template":"elementor_header_footer","meta":{"footnotes":""},"class_list":["post-21232","page","type-page","status-publish","has-post-thumbnail","hentry"],"yoast_head":"<!-- This site is optimized with the Yoast SEO plugin v25.6 - https:\/\/yoast.com\/wordpress\/plugins\/seo\/ -->\n<title>Produits - Scholte Metaal<\/title>\n<meta name=\"robots\" content=\"index, follow, max-snippet:-1, max-image-preview:large, max-video-preview:-1\" \/>\n<link rel=\"canonical\" href=\"https:\/\/scholtemetaal.g4zdev.com\/fr\/produits\/\" \/>\n<meta property=\"og:locale\" content=\"fr_FR\" \/>\n<meta property=\"og:type\" content=\"article\" \/>\n<meta property=\"og:title\" content=\"Produits - Scholte Metaal\" \/>\n<meta property=\"og:description\" content=\"Pour vous donner une id\u00e9e de ce que nous pouvons faire pour votre cha\u00eene logistique, nous vous pr\u00e9sentons ci-dessous quelques groupes de produits. Il s&#8217;agit de produits que nous stockons ou que nous fabriquons sp\u00e9cialement pour vous, en tant que client,...\" \/>\n<meta property=\"og:url\" content=\"https:\/\/scholtemetaal.g4zdev.com\/fr\/produits\/\" \/>\n<meta property=\"og:site_name\" content=\"Scholte Metaal\" \/>\n<meta property=\"article:modified_time\" content=\"2025-07-09T07:07:07+00:00\" \/>\n<meta property=\"og:image\" content=\"https:\/\/scholtemetaal.g4zdev.com\/wp-content\/uploads\/2024\/08\/Scholtes_fotoshoot-77-scaled.jpg\" \/>\n\t<meta property=\"og:image:width\" content=\"2560\" \/>\n\t<meta property=\"og:image:height\" content=\"1707\" \/>\n\t<meta property=\"og:image:type\" content=\"image\/jpeg\" \/>\n<meta name=\"twitter:card\" content=\"summary_large_image\" \/>\n<meta name=\"twitter:label1\" content=\"Dur\u00e9e de lecture estim\u00e9e\" \/>\n\t<meta name=\"twitter:data1\" content=\"1 minute\" \/>\n<script type=\"application\/ld+json\" class=\"yoast-schema-graph\">{\"@context\":\"https:\/\/schema.org\",\"@graph\":[{\"@type\":\"WebPage\",\"@id\":\"https:\/\/scholtemetaal.g4zdev.com\/fr\/produits\/\",\"url\":\"https:\/\/scholtemetaal.g4zdev.com\/fr\/produits\/\",\"name\":\"Produits - Scholte Metaal\",\"isPartOf\":{\"@id\":\"https:\/\/scholtemetaal.g4zdev.com\/fr\/#website\"},\"primaryImageOfPage\":{\"@id\":\"https:\/\/scholtemetaal.g4zdev.com\/fr\/produits\/#primaryimage\"},\"image\":{\"@id\":\"https:\/\/scholtemetaal.g4zdev.com\/fr\/produits\/#primaryimage\"},\"thumbnailUrl\":\"https:\/\/scholtemetaal.g4zdev.com\/wp-content\/uploads\/2024\/08\/Scholtes_fotoshoot-77-scaled.jpg\",\"datePublished\":\"2023-10-29T06:45:06+00:00\",\"dateModified\":\"2025-07-09T07:07:07+00:00\",\"breadcrumb\":{\"@id\":\"https:\/\/scholtemetaal.g4zdev.com\/fr\/produits\/#breadcrumb\"},\"inLanguage\":\"fr-FR\",\"potentialAction\":[{\"@type\":\"ReadAction\",\"target\":[\"https:\/\/scholtemetaal.g4zdev.com\/fr\/produits\/\"]}]},{\"@type\":\"ImageObject\",\"inLanguage\":\"fr-FR\",\"@id\":\"https:\/\/scholtemetaal.g4zdev.com\/fr\/produits\/#primaryimage\",\"url\":\"https:\/\/scholtemetaal.g4zdev.com\/wp-content\/uploads\/2024\/08\/Scholtes_fotoshoot-77-scaled.jpg\",\"contentUrl\":\"https:\/\/scholtemetaal.g4zdev.com\/wp-content\/uploads\/2024\/08\/Scholtes_fotoshoot-77-scaled.jpg\",\"width\":2560,\"height\":1707},{\"@type\":\"BreadcrumbList\",\"@id\":\"https:\/\/scholtemetaal.g4zdev.com\/fr\/produits\/#breadcrumb\",\"itemListElement\":[{\"@type\":\"ListItem\",\"position\":1,\"name\":\"Home\",\"item\":\"https:\/\/scholtemetaal.g4zdev.com\/fr\/\"},{\"@type\":\"ListItem\",\"position\":2,\"name\":\"Produits\"}]},{\"@type\":\"WebSite\",\"@id\":\"https:\/\/scholtemetaal.g4zdev.com\/fr\/#website\",\"url\":\"https:\/\/scholtemetaal.g4zdev.com\/fr\/\",\"name\":\"Scholte Metaal\",\"description\":\"Kwaliteit is voldoen aan de verwachtingen van de klant.\",\"potentialAction\":[{\"@type\":\"SearchAction\",\"target\":{\"@type\":\"EntryPoint\",\"urlTemplate\":\"https:\/\/scholtemetaal.g4zdev.com\/fr\/?s={search_term_string}\"},\"query-input\":{\"@type\":\"PropertyValueSpecification\",\"valueRequired\":true,\"valueName\":\"search_term_string\"}}],\"inLanguage\":\"fr-FR\"}]}<\/script>\n<!-- \/ Yoast SEO plugin. -->","yoast_head_json":{"title":"Produits - Scholte Metaal","robots":{"index":"index","follow":"follow","max-snippet":"max-snippet:-1","max-image-preview":"max-image-preview:large","max-video-preview":"max-video-preview:-1"},"canonical":"https:\/\/scholtemetaal.g4zdev.com\/fr\/produits\/","og_locale":"fr_FR","og_type":"article","og_title":"Produits - Scholte Metaal","og_description":"Pour vous donner une id\u00e9e de ce que nous pouvons faire pour votre cha\u00eene logistique, nous vous pr\u00e9sentons ci-dessous quelques groupes de produits. Il s&#8217;agit de produits que nous stockons ou que nous fabriquons sp\u00e9cialement pour vous, en tant que client,...","og_url":"https:\/\/scholtemetaal.g4zdev.com\/fr\/produits\/","og_site_name":"Scholte Metaal","article_modified_time":"2025-07-09T07:07:07+00:00","og_image":[{"width":2560,"height":1707,"url":"https:\/\/scholtemetaal.g4zdev.com\/wp-content\/uploads\/2024\/08\/Scholtes_fotoshoot-77-scaled.jpg","type":"image\/jpeg"}],"twitter_card":"summary_large_image","twitter_misc":{"Dur\u00e9e de lecture estim\u00e9e":"1 minute"},"schema":{"@context":"https:\/\/schema.org","@graph":[{"@type":"WebPage","@id":"https:\/\/scholtemetaal.g4zdev.com\/fr\/produits\/","url":"https:\/\/scholtemetaal.g4zdev.com\/fr\/produits\/","name":"Produits - Scholte Metaal","isPartOf":{"@id":"https:\/\/scholtemetaal.g4zdev.com\/fr\/#website"},"primaryImageOfPage":{"@id":"https:\/\/scholtemetaal.g4zdev.com\/fr\/produits\/#primaryimage"},"image":{"@id":"https:\/\/scholtemetaal.g4zdev.com\/fr\/produits\/#primaryimage"},"thumbnailUrl":"https:\/\/scholtemetaal.g4zdev.com\/wp-content\/uploads\/2024\/08\/Scholtes_fotoshoot-77-scaled.jpg","datePublished":"2023-10-29T06:45:06+00:00","dateModified":"2025-07-09T07:07:07+00:00","breadcrumb":{"@id":"https:\/\/scholtemetaal.g4zdev.com\/fr\/produits\/#breadcrumb"},"inLanguage":"fr-FR","potentialAction":[{"@type":"ReadAction","target":["https:\/\/scholtemetaal.g4zdev.com\/fr\/produits\/"]}]},{"@type":"ImageObject","inLanguage":"fr-FR","@id":"https:\/\/scholtemetaal.g4zdev.com\/fr\/produits\/#primaryimage","url":"https:\/\/scholtemetaal.g4zdev.com\/wp-content\/uploads\/2024\/08\/Scholtes_fotoshoot-77-scaled.jpg","contentUrl":"https:\/\/scholtemetaal.g4zdev.com\/wp-content\/uploads\/2024\/08\/Scholtes_fotoshoot-77-scaled.jpg","width":2560,"height":1707},{"@type":"BreadcrumbList","@id":"https:\/\/scholtemetaal.g4zdev.com\/fr\/produits\/#breadcrumb","itemListElement":[{"@type":"ListItem","position":1,"name":"Home","item":"https:\/\/scholtemetaal.g4zdev.com\/fr\/"},{"@type":"ListItem","position":2,"name":"Produits"}]},{"@type":"WebSite","@id":"https:\/\/scholtemetaal.g4zdev.com\/fr\/#website","url":"https:\/\/scholtemetaal.g4zdev.com\/fr\/","name":"Scholte Metaal","description":"Kwaliteit is voldoen aan de verwachtingen van de klant.","potentialAction":[{"@type":"SearchAction","target":{"@type":"EntryPoint","urlTemplate":"https:\/\/scholtemetaal.g4zdev.com\/fr\/?s={search_term_string}"},"query-input":{"@type":"PropertyValueSpecification","valueRequired":true,"valueName":"search_term_string"}}],"inLanguage":"fr-FR"}]}},"_links":{"self":[{"href":"https:\/\/scholtemetaal.g4zdev.com\/fr\/wp-json\/wp\/v2\/pages\/21232","targetHints":{"allow":["GET"]}}],"collection":[{"href":"https:\/\/scholtemetaal.g4zdev.com\/fr\/wp-json\/wp\/v2\/pages"}],"about":[{"href":"https:\/\/scholtemetaal.g4zdev.com\/fr\/wp-json\/wp\/v2\/types\/page"}],"author":[{"embeddable":true,"href":"https:\/\/scholtemetaal.g4zdev.com\/fr\/wp-json\/wp\/v2\/users\/1"}],"replies":[{"embeddable":true,"href":"https:\/\/scholtemetaal.g4zdev.com\/fr\/wp-json\/wp\/v2\/comments?post=21232"}],"version-history":[{"count":4,"href":"https:\/\/scholtemetaal.g4zdev.com\/fr\/wp-json\/wp\/v2\/pages\/21232\/revisions"}],"predecessor-version":[{"id":21479,"href":"https:\/\/scholtemetaal.g4zdev.com\/fr\/wp-json\/wp\/v2\/pages\/21232\/revisions\/21479"}],"wp:featuredmedia":[{"embeddable":true,"href":"https:\/\/scholtemetaal.g4zdev.com\/fr\/wp-json\/wp\/v2\/media\/20831"}],"wp:attachment":[{"href":"https:\/\/scholtemetaal.g4zdev.com\/fr\/wp-json\/wp\/v2\/media?parent=21232"}],"curies":[{"name":"wp","href":"https:\/\/api.w.org\/{rel}","templated":true}]}}