{"id":21221,"date":"2022-02-16T08:01:47","date_gmt":"2022-02-16T08:01:47","guid":{"rendered":"https:\/\/www.scholte-metaal.nl\/services\/"},"modified":"2022-02-16T08:01:47","modified_gmt":"2022-02-16T08:01:47","slug":"services","status":"publish","type":"page","link":"https:\/\/scholtemetaal.g4zdev.com\/fr\/services\/","title":{"rendered":"Services"},"content":{"rendered":"<p>Forts de nos ann\u00e9es d&#8217;exp\u00e9rience, nous aidons les entreprises \u00e0 d\u00e9velopper et \u00e0 perfectionner des produits innovants, conform\u00e9ment aux exigences des clients et aux derni\u00e8res tendances du march\u00e9. Du concept initial \u00e0 la mise en \u0153uvre finale, nous vous offrons des conseils d&#8217;experts et un soutien pratique. <\/p>\n","protected":false},"excerpt":{"rendered":"<p>Forts de nos ann\u00e9es d&#8217;exp\u00e9rience, nous aidons les entreprises \u00e0 d\u00e9velopper et \u00e0 perfectionner des produits innovants, conform\u00e9ment aux exigences des clients et aux derni\u00e8res tendances du march\u00e9. Du concept initial \u00e0 la mise en \u0153uvre finale, nous vous offrons des&#8230;<\/p>\n","protected":false},"author":1,"featured_media":0,"parent":0,"menu_order":0,"comment_status":"closed","ping_status":"closed","template":"","meta":{"footnotes":""},"class_list":["post-21221","page","type-page","status-publish","hentry"],"yoast_head":"<!-- This site is optimized with the Yoast SEO plugin v25.6 - https:\/\/yoast.com\/wordpress\/plugins\/seo\/ -->\n<title>Services - Scholte Metaal<\/title>\n<meta name=\"robots\" content=\"index, follow, max-snippet:-1, max-image-preview:large, max-video-preview:-1\" \/>\n<link rel=\"canonical\" href=\"https:\/\/scholtemetaal.g4zdev.com\/fr\/services\/\" \/>\n<meta property=\"og:locale\" content=\"fr_FR\" \/>\n<meta property=\"og:type\" content=\"article\" \/>\n<meta property=\"og:title\" content=\"Services - Scholte Metaal\" \/>\n<meta property=\"og:description\" content=\"Forts de nos ann\u00e9es d&#8217;exp\u00e9rience, nous aidons les entreprises \u00e0 d\u00e9velopper et \u00e0 perfectionner des produits innovants, conform\u00e9ment aux exigences des clients et aux derni\u00e8res tendances du march\u00e9. Du concept initial \u00e0 la mise en \u0153uvre finale, nous vous offrons des...\" \/>\n<meta property=\"og:url\" content=\"https:\/\/scholtemetaal.g4zdev.com\/fr\/services\/\" \/>\n<meta property=\"og:site_name\" content=\"Scholte Metaal\" \/>\n<meta name=\"twitter:card\" content=\"summary_large_image\" \/>\n<script type=\"application\/ld+json\" class=\"yoast-schema-graph\">{\"@context\":\"https:\/\/schema.org\",\"@graph\":[{\"@type\":\"WebPage\",\"@id\":\"https:\/\/scholtemetaal.g4zdev.com\/fr\/services\/\",\"url\":\"https:\/\/scholtemetaal.g4zdev.com\/fr\/services\/\",\"name\":\"Services - Scholte Metaal\",\"isPartOf\":{\"@id\":\"https:\/\/scholtemetaal.g4zdev.com\/fr\/#website\"},\"datePublished\":\"2022-02-16T08:01:47+00:00\",\"breadcrumb\":{\"@id\":\"https:\/\/scholtemetaal.g4zdev.com\/fr\/services\/#breadcrumb\"},\"inLanguage\":\"fr-FR\",\"potentialAction\":[{\"@type\":\"ReadAction\",\"target\":[\"https:\/\/scholtemetaal.g4zdev.com\/fr\/services\/\"]}]},{\"@type\":\"BreadcrumbList\",\"@id\":\"https:\/\/scholtemetaal.g4zdev.com\/fr\/services\/#breadcrumb\",\"itemListElement\":[{\"@type\":\"ListItem\",\"position\":1,\"name\":\"Home\",\"item\":\"https:\/\/scholtemetaal.g4zdev.com\/fr\/\"},{\"@type\":\"ListItem\",\"position\":2,\"name\":\"Services\"}]},{\"@type\":\"WebSite\",\"@id\":\"https:\/\/scholtemetaal.g4zdev.com\/fr\/#website\",\"url\":\"https:\/\/scholtemetaal.g4zdev.com\/fr\/\",\"name\":\"Scholte Metaal\",\"description\":\"Kwaliteit is voldoen aan de verwachtingen van de klant.\",\"potentialAction\":[{\"@type\":\"SearchAction\",\"target\":{\"@type\":\"EntryPoint\",\"urlTemplate\":\"https:\/\/scholtemetaal.g4zdev.com\/fr\/?s={search_term_string}\"},\"query-input\":{\"@type\":\"PropertyValueSpecification\",\"valueRequired\":true,\"valueName\":\"search_term_string\"}}],\"inLanguage\":\"fr-FR\"}]}<\/script>\n<!-- \/ Yoast SEO plugin. -->","yoast_head_json":{"title":"Services - Scholte Metaal","robots":{"index":"index","follow":"follow","max-snippet":"max-snippet:-1","max-image-preview":"max-image-preview:large","max-video-preview":"max-video-preview:-1"},"canonical":"https:\/\/scholtemetaal.g4zdev.com\/fr\/services\/","og_locale":"fr_FR","og_type":"article","og_title":"Services - Scholte Metaal","og_description":"Forts de nos ann\u00e9es d&#8217;exp\u00e9rience, nous aidons les entreprises \u00e0 d\u00e9velopper et \u00e0 perfectionner des produits innovants, conform\u00e9ment aux exigences des clients et aux derni\u00e8res tendances du march\u00e9. Du concept initial \u00e0 la mise en \u0153uvre finale, nous vous offrons des...","og_url":"https:\/\/scholtemetaal.g4zdev.com\/fr\/services\/","og_site_name":"Scholte Metaal","twitter_card":"summary_large_image","schema":{"@context":"https:\/\/schema.org","@graph":[{"@type":"WebPage","@id":"https:\/\/scholtemetaal.g4zdev.com\/fr\/services\/","url":"https:\/\/scholtemetaal.g4zdev.com\/fr\/services\/","name":"Services - Scholte Metaal","isPartOf":{"@id":"https:\/\/scholtemetaal.g4zdev.com\/fr\/#website"},"datePublished":"2022-02-16T08:01:47+00:00","breadcrumb":{"@id":"https:\/\/scholtemetaal.g4zdev.com\/fr\/services\/#breadcrumb"},"inLanguage":"fr-FR","potentialAction":[{"@type":"ReadAction","target":["https:\/\/scholtemetaal.g4zdev.com\/fr\/services\/"]}]},{"@type":"BreadcrumbList","@id":"https:\/\/scholtemetaal.g4zdev.com\/fr\/services\/#breadcrumb","itemListElement":[{"@type":"ListItem","position":1,"name":"Home","item":"https:\/\/scholtemetaal.g4zdev.com\/fr\/"},{"@type":"ListItem","position":2,"name":"Services"}]},{"@type":"WebSite","@id":"https:\/\/scholtemetaal.g4zdev.com\/fr\/#website","url":"https:\/\/scholtemetaal.g4zdev.com\/fr\/","name":"Scholte Metaal","description":"Kwaliteit is voldoen aan de verwachtingen van de klant.","potentialAction":[{"@type":"SearchAction","target":{"@type":"EntryPoint","urlTemplate":"https:\/\/scholtemetaal.g4zdev.com\/fr\/?s={search_term_string}"},"query-input":{"@type":"PropertyValueSpecification","valueRequired":true,"valueName":"search_term_string"}}],"inLanguage":"fr-FR"}]}},"_links":{"self":[{"href":"https:\/\/scholtemetaal.g4zdev.com\/fr\/wp-json\/wp\/v2\/pages\/21221","targetHints":{"allow":["GET"]}}],"collection":[{"href":"https:\/\/scholtemetaal.g4zdev.com\/fr\/wp-json\/wp\/v2\/pages"}],"about":[{"href":"https:\/\/scholtemetaal.g4zdev.com\/fr\/wp-json\/wp\/v2\/types\/page"}],"author":[{"embeddable":true,"href":"https:\/\/scholtemetaal.g4zdev.com\/fr\/wp-json\/wp\/v2\/users\/1"}],"replies":[{"embeddable":true,"href":"https:\/\/scholtemetaal.g4zdev.com\/fr\/wp-json\/wp\/v2\/comments?post=21221"}],"version-history":[{"count":0,"href":"https:\/\/scholtemetaal.g4zdev.com\/fr\/wp-json\/wp\/v2\/pages\/21221\/revisions"}],"wp:attachment":[{"href":"https:\/\/scholtemetaal.g4zdev.com\/fr\/wp-json\/wp\/v2\/media?parent=21221"}],"curies":[{"name":"wp","href":"https:\/\/api.w.org\/{rel}","templated":true}]}}