{"id":21259,"date":"2023-10-29T06:45:06","date_gmt":"2023-10-29T06:45:06","guid":{"rendered":"https:\/\/www.scholte-metaal.nl\/productos\/"},"modified":"2025-07-09T07:07:04","modified_gmt":"2025-07-09T07:07:04","slug":"productos","status":"publish","type":"page","link":"https:\/\/scholtemetaal.g4zdev.com\/es\/productos\/","title":{"rendered":"Productos"},"content":{"rendered":"\t\t<div data-elementor-type=\"wp-page\" data-elementor-id=\"21259\" class=\"elementor elementor-21259 elementor-16184\">\n\t\t\t\t\t\t<section class=\"elementor-section elementor-top-section elementor-element elementor-element-5340a40 elementor-section-full_width elementor-section-stretched elementor-section-height-default elementor-section-height-default\" data-id=\"5340a40\" data-element_type=\"section\" data-settings=\"{&quot;stretch_section&quot;:&quot;section-stretched&quot;,&quot;background_background&quot;:&quot;classic&quot;}\">\n\t\t\t\t\t\t<div class=\"elementor-container elementor-column-gap-no\">\n\t\t\t\t\t<div class=\"elementor-column elementor-col-100 elementor-top-column elementor-element elementor-element-dbc4f70\" data-id=\"dbc4f70\" data-element_type=\"column\">\n\t\t\t<div class=\"elementor-widget-wrap elementor-element-populated\">\n\t\t\t\t\t\t<div class=\"elementor-element elementor-element-5a2e718 elementor-absolute elementor-hidden-laptop elementor-hidden-tablet_extra elementor-hidden-tablet elementor-hidden-mobile_extra elementor-hidden-mobile animated-fast decoration-type-1 elementor-invisible elementor-widget elementor-widget-industrium_decoration\" data-id=\"5a2e718\" data-element_type=\"widget\" data-settings=\"{&quot;_position&quot;:&quot;absolute&quot;,&quot;_animation&quot;:&quot;industrium_decoration&quot;,&quot;_animation_tablet_extra&quot;:&quot;none&quot;,&quot;_animation_delay&quot;:300}\" data-widget_type=\"industrium_decoration.default\">\n\t\t\t\t<div class=\"elementor-widget-container\">\n\t\t\t\t\t        <div class=\"decoration-widget\">\n            <div class=\"decoration-container\">\n                <div class=\"industrium-decoration\">\n                    <div><\/div><div><\/div><div><\/div>\n                <\/div>\n            <\/div>\n        <\/div>\n        \t\t\t\t<\/div>\n\t\t\t\t<\/div>\n\t\t\t\t<div class=\"elementor-element elementor-element-33c2e25 elementor-absolute elementor-hidden-tablet elementor-hidden-mobile_extra elementor-hidden-mobile elementor-widget__width-auto animated-fast decoration-type-1 elementor-invisible elementor-widget elementor-widget-industrium_decoration\" data-id=\"33c2e25\" data-element_type=\"widget\" data-settings=\"{&quot;_position&quot;:&quot;absolute&quot;,&quot;_animation&quot;:&quot;industrium_decoration&quot;,&quot;_animation_tablet_extra&quot;:&quot;none&quot;,&quot;_animation_delay&quot;:300}\" data-widget_type=\"industrium_decoration.default\">\n\t\t\t\t<div class=\"elementor-widget-container\">\n\t\t\t\t\t        <div class=\"decoration-widget\">\n            <div class=\"decoration-container\">\n                <div class=\"industrium-decoration\">\n                    <div><\/div><div><\/div><div><\/div>\n                <\/div>\n            <\/div>\n        <\/div>\n        \t\t\t\t<\/div>\n\t\t\t\t<\/div>\n\t\t\t\t<section class=\"elementor-section elementor-inner-section elementor-element elementor-element-591a646 elementor-section-boxed elementor-section-height-default elementor-section-height-default\" data-id=\"591a646\" data-element_type=\"section\">\n\t\t\t\t\t\t<div class=\"elementor-container elementor-column-gap-wide\">\n\t\t\t\t\t<div class=\"elementor-column elementor-col-50 elementor-inner-column elementor-element elementor-element-885af3c\" data-id=\"885af3c\" data-element_type=\"column\">\n\t\t\t<div class=\"elementor-widget-wrap elementor-element-populated\">\n\t\t\t\t\t\t<div class=\"elementor-element elementor-element-4d3e2b3 elementor-widget elementor-widget-industrium_heading\" data-id=\"4d3e2b3\" data-element_type=\"widget\" data-widget_type=\"industrium_heading.default\">\n\t\t\t\t<div class=\"elementor-widget-container\">\n\t\t\t\t\t<div class=\"industrium-heading-widget\"><h2 class=\"industrium-heading\"><span class=\"industrium-subheading no-dot\">Productos<\/span><span class=\"industrium-heading-content\">Nuestros productos<\/span><\/h2><\/div>\t\t\t\t<\/div>\n\t\t\t\t<\/div>\n\t\t\t\t\t<\/div>\n\t\t<\/div>\n\t\t\t\t<div class=\"elementor-column elementor-col-50 elementor-inner-column elementor-element elementor-element-9e1f4cb\" data-id=\"9e1f4cb\" data-element_type=\"column\">\n\t\t\t<div class=\"elementor-widget-wrap elementor-element-populated\">\n\t\t\t\t\t\t<div class=\"elementor-element elementor-element-ca912fb elementor-widget elementor-widget-text-editor\" data-id=\"ca912fb\" data-element_type=\"widget\" data-widget_type=\"text-editor.default\">\n\t\t\t\t<div class=\"elementor-widget-container\">\n\t\t\t\t\t\t\t\t\t<p>Para darte la mejor impresi\u00f3n posible de lo que podemos hacer por tu cadena log\u00edstica, a continuaci\u00f3n te mostramos una serie de grupos de productos. Incluyen productos que tenemos en stock o que fabricamos especialmente para ti como cliente, totalmente seg\u00fan tus especificaciones. De este modo, intentamos responder a tu demanda en la medida de lo posible.  <\/p><p style=\"text-align: center;\">\u201cLog\u00edstica a medida\u201d<\/p>\t\t\t\t\t\t\t\t<\/div>\n\t\t\t\t<\/div>\n\t\t\t\t\t<\/div>\n\t\t<\/div>\n\t\t\t\t\t<\/div>\n\t\t<\/section>\n\t\t\t\t<section class=\"elementor-section elementor-inner-section elementor-element elementor-element-d35b815 elementor-section-boxed elementor-section-height-default elementor-section-height-default\" data-id=\"d35b815\" data-element_type=\"section\">\n\t\t\t\t\t\t<div class=\"elementor-container elementor-column-gap-default\">\n\t\t\t\t\t<div class=\"elementor-column elementor-col-100 elementor-inner-column elementor-element elementor-element-25437a9\" data-id=\"25437a9\" data-element_type=\"column\">\n\t\t\t<div class=\"elementor-widget-wrap elementor-element-populated\">\n\t\t\t\t\t\t<div class=\"elementor-element elementor-element-aabe9a0 elementor-widget elementor-widget-shortcode\" data-id=\"aabe9a0\" data-element_type=\"widget\" data-widget_type=\"shortcode.default\">\n\t\t\t\t<div class=\"elementor-widget-container\">\n\t\t\t\t\t\t\t<div class=\"elementor-shortcode\">        <div data-id='abc_def'\n             class=\" elementor-widget-industrium_services_listing view_type-2 style_type-2 projects_cats\">\n            <div class=\"industrium-service-listing-widget\">\n                <div class=\"archive-listing\">\n                    <div class=\"archive-listing-wrapper service-listing-wrapper service-slider-listing grid\" >\n                        \n<div class=\"service-item-wrapper post-21259 page type-page status-publish has-post-thumbnail hentry\">\n    <div class=\"service-item\">\n        <a class=\"service-slider-item-link\" href=\"https:\/\/scholtemetaal.g4zdev.com\/es\/producten\/agri-container-cajas-para-coles\/\"><div class=\"service-item-media\">                <img decoding=\"async\" src=\"https:\/\/www.scholte-metaal.nl\/wp-content\/uploads\/2024\/09\/2.png\"\/>\n                <\/div><span class=\"service-item-number\">01<\/span><div class=\"service-item-content\"><h5 class=\"service-post-title\">Agri Container Cajas para coles<\/h5><div class=\"service-item-excerpt\">Leer m\u00e1s<\/div><\/div><\/a>    <\/div>\n<\/div>\n<div class=\"service-item-wrapper post-21259 page type-page status-publish has-post-thumbnail hentry\">\n    <div class=\"service-item\">\n        <a class=\"service-slider-item-link\" href=\"https:\/\/scholtemetaal.g4zdev.com\/es\/producten\/cajas-de-queso-y-estuches-moldeados\/\"><div class=\"service-item-media\">                <img decoding=\"async\" src=\"https:\/\/www.scholte-metaal.nl\/wp-content\/uploads\/2024\/09\/6.png\"\/>\n                <\/div><span class=\"service-item-number\">02<\/span><div class=\"service-item-content\"><h5 class=\"service-post-title\">Cajas de queso y estuches moldeados<\/h5><div class=\"service-item-excerpt\">Leer m\u00e1s<\/div><\/div><\/a>    <\/div>\n<\/div>\n<div class=\"service-item-wrapper post-21259 page type-page status-publish has-post-thumbnail hentry\">\n    <div class=\"service-item\">\n        <a class=\"service-slider-item-link\" href=\"https:\/\/scholtemetaal.g4zdev.com\/es\/producten\/contenedores-rodantes-y-dollys\/\"><div class=\"service-item-media\">                <img decoding=\"async\" src=\"https:\/\/www.scholte-metaal.nl\/wp-content\/uploads\/2024\/09\/7.png\"\/>\n                <\/div><span class=\"service-item-number\">03<\/span><div class=\"service-item-content\"><h5 class=\"service-post-title\">Contenedores rodantes y Dollys<\/h5><div class=\"service-item-excerpt\">Leer m\u00e1s<\/div><\/div><\/a>    <\/div>\n<\/div>\n<div class=\"service-item-wrapper post-21259 page type-page status-publish has-post-thumbnail hentry\">\n    <div class=\"service-item\">\n        <a class=\"service-slider-item-link\" href=\"https:\/\/scholtemetaal.g4zdev.com\/es\/producten\/varios-y-especiales\/\"><div class=\"service-item-media\">                <img decoding=\"async\" src=\"https:\/\/www.scholte-metaal.nl\/wp-content\/uploads\/2024\/09\/5.png\"\/>\n                <\/div><span class=\"service-item-number\">04<\/span><div class=\"service-item-content\"><h5 class=\"service-post-title\">Varios y Especiales<\/h5><div class=\"service-item-excerpt\">Leer m\u00e1s<\/div><\/div><\/a>    <\/div>\n<\/div>                    <\/div>\n                <\/div>\n\n            <\/div>\n        <\/div>\n        <div class=\"owl-dots owl-dots-abc_def\"><\/div>        <\/div>\n\t\t\t\t\t\t<\/div>\n\t\t\t\t<\/div>\n\t\t\t\t\t<\/div>\n\t\t<\/div>\n\t\t\t\t\t<\/div>\n\t\t<\/section>\n\t\t\t\t\t<\/div>\n\t\t<\/div>\n\t\t\t\t\t<\/div>\n\t\t<\/section>\n\t\t\t\t<\/div>\n\t\t","protected":false},"excerpt":{"rendered":"<p>Para darte la mejor impresi\u00f3n posible de lo que podemos hacer por tu cadena log\u00edstica, a continuaci\u00f3n te mostramos una serie de grupos de productos. Incluyen productos que tenemos en stock o que fabricamos especialmente para ti como cliente, totalmente seg\u00fan&#8230;<\/p>\n","protected":false},"author":1,"featured_media":20833,"parent":0,"menu_order":0,"comment_status":"closed","ping_status":"closed","template":"elementor_header_footer","meta":{"footnotes":""},"class_list":["post-21259","page","type-page","status-publish","has-post-thumbnail","hentry"],"yoast_head":"<!-- This site is optimized with the Yoast SEO plugin v25.6 - https:\/\/yoast.com\/wordpress\/plugins\/seo\/ -->\n<title>Productos - Scholte Metaal<\/title>\n<meta name=\"robots\" content=\"index, follow, max-snippet:-1, max-image-preview:large, max-video-preview:-1\" \/>\n<link rel=\"canonical\" href=\"https:\/\/scholtemetaal.g4zdev.com\/es\/productos\/\" \/>\n<meta property=\"og:locale\" content=\"es_ES\" \/>\n<meta property=\"og:type\" content=\"article\" \/>\n<meta property=\"og:title\" content=\"Productos - Scholte Metaal\" \/>\n<meta property=\"og:description\" content=\"Para darte la mejor impresi\u00f3n posible de lo que podemos hacer por tu cadena log\u00edstica, a continuaci\u00f3n te mostramos una serie de grupos de productos. Incluyen productos que tenemos en stock o que fabricamos especialmente para ti como cliente, totalmente seg\u00fan...\" \/>\n<meta property=\"og:url\" content=\"https:\/\/scholtemetaal.g4zdev.com\/es\/productos\/\" \/>\n<meta property=\"og:site_name\" content=\"Scholte Metaal\" \/>\n<meta property=\"article:modified_time\" content=\"2025-07-09T07:07:04+00:00\" \/>\n<meta property=\"og:image\" content=\"https:\/\/scholtemetaal.g4zdev.com\/wp-content\/uploads\/2024\/08\/Scholtes_fotoshoot-77-scaled.jpg\" \/>\n\t<meta property=\"og:image:width\" content=\"2560\" \/>\n\t<meta property=\"og:image:height\" content=\"1707\" \/>\n\t<meta property=\"og:image:type\" content=\"image\/jpeg\" \/>\n<meta name=\"twitter:card\" content=\"summary_large_image\" \/>\n<meta name=\"twitter:label1\" content=\"Tiempo de lectura\" \/>\n\t<meta name=\"twitter:data1\" content=\"1 minute\" \/>\n<script type=\"application\/ld+json\" class=\"yoast-schema-graph\">{\"@context\":\"https:\/\/schema.org\",\"@graph\":[{\"@type\":\"WebPage\",\"@id\":\"https:\/\/scholtemetaal.g4zdev.com\/es\/productos\/\",\"url\":\"https:\/\/scholtemetaal.g4zdev.com\/es\/productos\/\",\"name\":\"Productos - Scholte Metaal\",\"isPartOf\":{\"@id\":\"https:\/\/scholtemetaal.g4zdev.com\/es\/#website\"},\"primaryImageOfPage\":{\"@id\":\"https:\/\/scholtemetaal.g4zdev.com\/es\/productos\/#primaryimage\"},\"image\":{\"@id\":\"https:\/\/scholtemetaal.g4zdev.com\/es\/productos\/#primaryimage\"},\"thumbnailUrl\":\"https:\/\/scholtemetaal.g4zdev.com\/wp-content\/uploads\/2024\/08\/Scholtes_fotoshoot-77-scaled.jpg\",\"datePublished\":\"2023-10-29T06:45:06+00:00\",\"dateModified\":\"2025-07-09T07:07:04+00:00\",\"breadcrumb\":{\"@id\":\"https:\/\/scholtemetaal.g4zdev.com\/es\/productos\/#breadcrumb\"},\"inLanguage\":\"es-ES\",\"potentialAction\":[{\"@type\":\"ReadAction\",\"target\":[\"https:\/\/scholtemetaal.g4zdev.com\/es\/productos\/\"]}]},{\"@type\":\"ImageObject\",\"inLanguage\":\"es-ES\",\"@id\":\"https:\/\/scholtemetaal.g4zdev.com\/es\/productos\/#primaryimage\",\"url\":\"https:\/\/scholtemetaal.g4zdev.com\/wp-content\/uploads\/2024\/08\/Scholtes_fotoshoot-77-scaled.jpg\",\"contentUrl\":\"https:\/\/scholtemetaal.g4zdev.com\/wp-content\/uploads\/2024\/08\/Scholtes_fotoshoot-77-scaled.jpg\",\"width\":2560,\"height\":1707},{\"@type\":\"BreadcrumbList\",\"@id\":\"https:\/\/scholtemetaal.g4zdev.com\/es\/productos\/#breadcrumb\",\"itemListElement\":[{\"@type\":\"ListItem\",\"position\":1,\"name\":\"Home\",\"item\":\"https:\/\/scholtemetaal.g4zdev.com\/es\/\"},{\"@type\":\"ListItem\",\"position\":2,\"name\":\"Productos\"}]},{\"@type\":\"WebSite\",\"@id\":\"https:\/\/scholtemetaal.g4zdev.com\/es\/#website\",\"url\":\"https:\/\/scholtemetaal.g4zdev.com\/es\/\",\"name\":\"Scholte Metaal\",\"description\":\"Kwaliteit is voldoen aan de verwachtingen van de klant.\",\"potentialAction\":[{\"@type\":\"SearchAction\",\"target\":{\"@type\":\"EntryPoint\",\"urlTemplate\":\"https:\/\/scholtemetaal.g4zdev.com\/es\/?s={search_term_string}\"},\"query-input\":{\"@type\":\"PropertyValueSpecification\",\"valueRequired\":true,\"valueName\":\"search_term_string\"}}],\"inLanguage\":\"es-ES\"}]}<\/script>\n<!-- \/ Yoast SEO plugin. -->","yoast_head_json":{"title":"Productos - Scholte Metaal","robots":{"index":"index","follow":"follow","max-snippet":"max-snippet:-1","max-image-preview":"max-image-preview:large","max-video-preview":"max-video-preview:-1"},"canonical":"https:\/\/scholtemetaal.g4zdev.com\/es\/productos\/","og_locale":"es_ES","og_type":"article","og_title":"Productos - Scholte Metaal","og_description":"Para darte la mejor impresi\u00f3n posible de lo que podemos hacer por tu cadena log\u00edstica, a continuaci\u00f3n te mostramos una serie de grupos de productos. Incluyen productos que tenemos en stock o que fabricamos especialmente para ti como cliente, totalmente seg\u00fan...","og_url":"https:\/\/scholtemetaal.g4zdev.com\/es\/productos\/","og_site_name":"Scholte Metaal","article_modified_time":"2025-07-09T07:07:04+00:00","og_image":[{"width":2560,"height":1707,"url":"https:\/\/scholtemetaal.g4zdev.com\/wp-content\/uploads\/2024\/08\/Scholtes_fotoshoot-77-scaled.jpg","type":"image\/jpeg"}],"twitter_card":"summary_large_image","twitter_misc":{"Tiempo de lectura":"1 minute"},"schema":{"@context":"https:\/\/schema.org","@graph":[{"@type":"WebPage","@id":"https:\/\/scholtemetaal.g4zdev.com\/es\/productos\/","url":"https:\/\/scholtemetaal.g4zdev.com\/es\/productos\/","name":"Productos - Scholte Metaal","isPartOf":{"@id":"https:\/\/scholtemetaal.g4zdev.com\/es\/#website"},"primaryImageOfPage":{"@id":"https:\/\/scholtemetaal.g4zdev.com\/es\/productos\/#primaryimage"},"image":{"@id":"https:\/\/scholtemetaal.g4zdev.com\/es\/productos\/#primaryimage"},"thumbnailUrl":"https:\/\/scholtemetaal.g4zdev.com\/wp-content\/uploads\/2024\/08\/Scholtes_fotoshoot-77-scaled.jpg","datePublished":"2023-10-29T06:45:06+00:00","dateModified":"2025-07-09T07:07:04+00:00","breadcrumb":{"@id":"https:\/\/scholtemetaal.g4zdev.com\/es\/productos\/#breadcrumb"},"inLanguage":"es-ES","potentialAction":[{"@type":"ReadAction","target":["https:\/\/scholtemetaal.g4zdev.com\/es\/productos\/"]}]},{"@type":"ImageObject","inLanguage":"es-ES","@id":"https:\/\/scholtemetaal.g4zdev.com\/es\/productos\/#primaryimage","url":"https:\/\/scholtemetaal.g4zdev.com\/wp-content\/uploads\/2024\/08\/Scholtes_fotoshoot-77-scaled.jpg","contentUrl":"https:\/\/scholtemetaal.g4zdev.com\/wp-content\/uploads\/2024\/08\/Scholtes_fotoshoot-77-scaled.jpg","width":2560,"height":1707},{"@type":"BreadcrumbList","@id":"https:\/\/scholtemetaal.g4zdev.com\/es\/productos\/#breadcrumb","itemListElement":[{"@type":"ListItem","position":1,"name":"Home","item":"https:\/\/scholtemetaal.g4zdev.com\/es\/"},{"@type":"ListItem","position":2,"name":"Productos"}]},{"@type":"WebSite","@id":"https:\/\/scholtemetaal.g4zdev.com\/es\/#website","url":"https:\/\/scholtemetaal.g4zdev.com\/es\/","name":"Scholte Metaal","description":"Kwaliteit is voldoen aan de verwachtingen van de klant.","potentialAction":[{"@type":"SearchAction","target":{"@type":"EntryPoint","urlTemplate":"https:\/\/scholtemetaal.g4zdev.com\/es\/?s={search_term_string}"},"query-input":{"@type":"PropertyValueSpecification","valueRequired":true,"valueName":"search_term_string"}}],"inLanguage":"es-ES"}]}},"_links":{"self":[{"href":"https:\/\/scholtemetaal.g4zdev.com\/es\/wp-json\/wp\/v2\/pages\/21259","targetHints":{"allow":["GET"]}}],"collection":[{"href":"https:\/\/scholtemetaal.g4zdev.com\/es\/wp-json\/wp\/v2\/pages"}],"about":[{"href":"https:\/\/scholtemetaal.g4zdev.com\/es\/wp-json\/wp\/v2\/types\/page"}],"author":[{"embeddable":true,"href":"https:\/\/scholtemetaal.g4zdev.com\/es\/wp-json\/wp\/v2\/users\/1"}],"replies":[{"embeddable":true,"href":"https:\/\/scholtemetaal.g4zdev.com\/es\/wp-json\/wp\/v2\/comments?post=21259"}],"version-history":[{"count":4,"href":"https:\/\/scholtemetaal.g4zdev.com\/es\/wp-json\/wp\/v2\/pages\/21259\/revisions"}],"predecessor-version":[{"id":21485,"href":"https:\/\/scholtemetaal.g4zdev.com\/es\/wp-json\/wp\/v2\/pages\/21259\/revisions\/21485"}],"wp:featuredmedia":[{"embeddable":true,"href":"https:\/\/scholtemetaal.g4zdev.com\/es\/wp-json\/wp\/v2\/media\/20833"}],"wp:attachment":[{"href":"https:\/\/scholtemetaal.g4zdev.com\/es\/wp-json\/wp\/v2\/media?parent=21259"}],"curies":[{"name":"wp","href":"https:\/\/api.w.org\/{rel}","templated":true}]}}